{"id":92,"date":"2021-04-10T01:07:50","date_gmt":"2021-04-10T01:07:50","guid":{"rendered":"http:\/\/dilavergoktas.nl\/?post_type=product&#038;p=92"},"modified":"2025-10-24T09:51:39","modified_gmt":"2025-10-24T09:51:39","slug":"baglama-lesboek-1","status":"publish","type":"product","link":"https:\/\/dilavergoktas.nl\/?product=baglama-lesboek-1","title":{"rendered":"BA\u011eLAMA LESBOEK 1"},"content":{"rendered":"<h4>BA\u011eLAMA LESBOEK 1<\/h4>\n<p>Deze methode is geschreven voor korthals Ba\u011flama met 19 fretten. In dit boek leer je noten lezen en Ba\u011flama spelen tegelijk, je hoeft van te voren geen notenkennis te hebben. Het leren spelen van het instrument en de liedjes staan centraal. Er is een logische volgorde aangehouden van \u2018makkelijk\u2019 naar \u2018moeilijk\u2019. De kennis die je nodig hebt om het liedje te kunnen spelen, wordt eerst boven aan het blad uitgelegd.<br \/>\nElk liedje dat je leert, kun je beluisteren op de CD die bijgesloten is. De liedjes zijn ingespeeld op het niveau van de leerling op dat moment.<br \/>\nHet boek bevat 52 pagina&#8217;s en is ge\u00efllustreerd met foto&#8217;s.<br \/>\nJe kunt zelfstandig met het boek aan de slag. Het is natuurlijk altijd wel aan te bevelen les te nemen.<\/p>\n","protected":false},"excerpt":{"rendered":"<h3>Enkele tracks bij dit lesboek<\/h3>\n<p>&nbsp;<\/p>\n[audio mp3=\"http:\/\/dilavergoktas.nl\/wp-content\/uploads\/2021\/04\/yagmur-yagyorb.mp3\"][\/audio]\n<p>Ya\u011fmur Ya\u011f\u0131yor<\/p>\n[audio mp3=\"http:\/\/dilavergoktas.nl\/wp-content\/uploads\/2021\/04\/bingol-halayi.mp3\"][\/audio]\n<p>Bing\u00f6l Halay\u0131<\/p>\n[audio mp3=\"http:\/\/dilavergoktas.nl\/wp-content\/uploads\/2021\/04\/ne-aglarsinb.mp3\"][\/audio]\n<p>Ne A\u011flars\u0131n<\/p>\n[audio mp3=\"http:\/\/dilavergoktas.nl\/wp-content\/uploads\/2021\/04\/penceredenb.mp3\"][\/audio]\n<p>Pencereden Bir Ta\u015f Geldi<\/p>\n<h6><span style=\"color: #993366;\">LEVERTIJD: VOOR 14.00 UUR BESTELD, DIRECT VERZONDEN!<\/span><\/h6>\n<p>&nbsp;<\/p>\n","protected":false},"featured_media":503,"comment_status":"open","ping_status":"closed","template":"","meta":[],"class_list":{"0":"post-92","1":"product","2":"type-product","3":"status-publish","4":"has-post-thumbnail","6":"product_cat-muzieklesboeken","7":"product_cat-baglama","8":"product_tag-uitgever-en-leverancier-turkse-muzieklesboeken","10":"first","11":"instock","12":"shipping-taxable","13":"purchasable","14":"product-type-simple"},"_links":{"self":[{"href":"https:\/\/dilavergoktas.nl\/index.php?rest_route=\/wp\/v2\/product\/92","targetHints":{"allow":["GET"]}}],"collection":[{"href":"https:\/\/dilavergoktas.nl\/index.php?rest_route=\/wp\/v2\/product"}],"about":[{"href":"https:\/\/dilavergoktas.nl\/index.php?rest_route=\/wp\/v2\/types\/product"}],"replies":[{"embeddable":true,"href":"https:\/\/dilavergoktas.nl\/index.php?rest_route=%2Fwp%2Fv2%2Fcomments&post=92"}],"wp:featuredmedia":[{"embeddable":true,"href":"https:\/\/dilavergoktas.nl\/index.php?rest_route=\/wp\/v2\/media\/503"}],"wp:attachment":[{"href":"https:\/\/dilavergoktas.nl\/index.php?rest_route=%2Fwp%2Fv2%2Fmedia&parent=92"}],"curies":[{"name":"wp","href":"https:\/\/api.w.org\/{rel}","templated":true}]}}