{"id":64,"date":"2021-04-09T13:13:15","date_gmt":"2021-04-09T13:13:15","guid":{"rendered":"http:\/\/dilavergoktas.nl\/?post_type=product&#038;p=64"},"modified":"2026-01-01T00:03:12","modified_gmt":"2026-01-01T00:03:12","slug":"gitaar-boek-1","status":"publish","type":"product","link":"https:\/\/dilavergoktas.nl\/?product=gitaar-boek-1","title":{"rendered":"GITAAR LESBOEK"},"content":{"rendered":"<h4>Gitaar Lesboek<\/h4>\n<p>Deze methode is geschreven voor gitaar met Turkse liedjes. In dit boek leer je noten lezen en gitaar spelen tegelijk, je hoeft van te voren geen notenkennis te hebben. Het leren spelen van het instrument en de liedjes staan centraal. Er is een logische volgorde aangehouden van \u2018makkelijk\u2019 naar \u2018moeilijk\u2019. De kennis die je nodig hebt om het liedje te kunnen spelen, wordt eerst boven aan het blad uitgelegd. Elk liedje dat je leert, kun je beluisteren op de CD die bijgesloten is. De liedjes zijn ingespeeld op het niveau van de leerling op dat moment.<br \/>\nHet boek bevat 52 pagina&#8217;s en is ge\u00efllustreerd met foto&#8217;s.<br \/>\nJe kunt zelfstandig met het boek aan de slag. Het is natuurlijk altijd wel aan te bevelen les te nemen.<\/p>\n","protected":false},"excerpt":{"rendered":"<h3>Enkele tracks bij dit lesboek<\/h3>\n<p>&nbsp;<\/p>\n[audio mp3=\"http:\/\/dilavergoktas.nl\/wp-content\/uploads\/2021\/04\/yagmur-yagiyor.mp3\"][\/audio]\n<p>Ya\u011fmur Ya\u011f\u0131yor<\/p>\n[audio mp3=\"http:\/\/dilavergoktas.nl\/wp-content\/uploads\/2021\/04\/yasasin-okulumuz.mp3\"][\/audio]\n<p>Ya\u015fas\u0131n Okulumuz<\/p>\n[audio mp3=\"http:\/\/dilavergoktas.nl\/wp-content\/uploads\/2021\/04\/nenni-bebek.mp3\"][\/audio]\n<p>Nenni Bebek<\/p>\n[audio mp3=\"http:\/\/dilavergoktas.nl\/wp-content\/uploads\/2021\/04\/ah-bir-atas-ver.mp3\"][\/audio]\n<p>Ah Bir Ata\u015f Ver<\/p>\n<h6><span style=\"color: #993366;\">LEVERTIJD: VOOR 14.00 UUR BESTELD, DIRECT VERZONDEN!<\/span><\/h6>\n","protected":false},"featured_media":285,"comment_status":"open","ping_status":"closed","template":"","meta":[],"class_list":{"0":"post-64","1":"product","2":"type-product","3":"status-publish","4":"has-post-thumbnail","6":"product_cat-muzieklesboeken","7":"product_cat-gitaar-boeken","9":"first","10":"instock","11":"shipping-taxable","12":"purchasable","13":"product-type-simple"},"_links":{"self":[{"href":"https:\/\/dilavergoktas.nl\/index.php?rest_route=\/wp\/v2\/product\/64","targetHints":{"allow":["GET"]}}],"collection":[{"href":"https:\/\/dilavergoktas.nl\/index.php?rest_route=\/wp\/v2\/product"}],"about":[{"href":"https:\/\/dilavergoktas.nl\/index.php?rest_route=\/wp\/v2\/types\/product"}],"replies":[{"embeddable":true,"href":"https:\/\/dilavergoktas.nl\/index.php?rest_route=%2Fwp%2Fv2%2Fcomments&post=64"}],"wp:featuredmedia":[{"embeddable":true,"href":"https:\/\/dilavergoktas.nl\/index.php?rest_route=\/wp\/v2\/media\/285"}],"wp:attachment":[{"href":"https:\/\/dilavergoktas.nl\/index.php?rest_route=%2Fwp%2Fv2%2Fmedia&parent=64"}],"curies":[{"name":"wp","href":"https:\/\/api.w.org\/{rel}","templated":true}]}}